{"id":7,"date":"2016-09-21T20:33:09","date_gmt":"2016-09-21T18:33:09","guid":{"rendered":"http:\/\/tile.biz.pl\/?page_id=7"},"modified":"2022-03-23T10:01:12","modified_gmt":"2022-03-23T09:01:12","slug":"importer-plytek-ceramicych-i-gresowych-o-nas","status":"publish","type":"page","link":"https:\/\/tile.biz.pl\/en\/importer-plytek-ceramicych-i-gresowych-o-nas\/","title":{"rendered":"About us"},"content":{"rendered":"<h2>MEET US<\/h2>\r\n<h1>About us<\/h1>\r\n<p>TILE (Tile by Kabiks) a family company founded in 2000s. Retail and wholesale distributor, importer of finest ceramic and porcelain Italian tiles\nOur Company is changing the experience for you. TILE, recognises that satisfied customers are essential to our continued success. A strong culture of excellent customer service, commitment, and trust are the values that dominate our daily business activities to help with industry solutions that in the end will help reach and receive our common company goals.<\/p>\r\n<p>In today\u2019s fast and ever changing tile world, our product selection is on the cutting edge of the tile industry meeting the demands for new products, new ideas, and evolving designs. From the smallest to the largest tile jobs, we can supply you with our stocked inventory program or help you source from some of the best tile manufacturers across Italy.<\/p>","protected":false},"excerpt":{"rendered":"<p>Poznaj nas O nas Nasza firma jest bezpo\u015brednim importerem p\u0142ytek ceramicznych i gresowych wiod\u0105cych w\u0142oskich producent\u00f3w. Prowadzimy sprzeda\u017c hurtow\u0105 i detaliczn\u0105 z kr\u00f3tkim terminem realizacji zam\u00f3wienia. Wieloletnie do\u015bwiadczenie naszego zespo\u0142u zapewni Pa\u0144stwu dokonanie zakupu materia\u0142\u00f3w spe\u0142niaj\u0105cych najwy\u017csze oczekiwania.<\/p>","protected":false},"author":1,"featured_media":0,"parent":0,"menu_order":4,"comment_status":"closed","ping_status":"closed","template":"page-templates\/about-us.php","meta":{"footnotes":""},"class_list":["post-7","page","type-page","status-publish","hentry"],"yoast_head":"<!-- This site is optimized with the Yoast SEO plugin v23.8 - https:\/\/yoast.com\/wordpress\/plugins\/seo\/ -->\n<title>Importer p\u0142ytek ceramicznych Pozna\u0144 | O nas: W\u0142oskie p\u0142ytki<\/title>\n<meta name=\"description\" content=\"TILE to bezpo\u015bredni importer p\u0142ytek ceramicznych i gresowych wiod\u0105cych w\u0142oskich producent\u00f3w. Prowadzimy sprzeda\u017c hurtow\u0105 i detaliczn\u0105. Zapraszamy na stron\u0119.\" \/>\n<meta name=\"robots\" content=\"index, follow, max-snippet:-1, max-image-preview:large, max-video-preview:-1\" \/>\n<link rel=\"canonical\" href=\"https:\/\/tile.biz.pl\/en\/importer-plytek-ceramicych-i-gresowych-o-nas\/\" \/>\n<meta property=\"og:locale\" content=\"en_GB\" \/>\n<meta property=\"og:type\" content=\"article\" \/>\n<meta property=\"og:title\" content=\"Importer p\u0142ytek ceramicznych Pozna\u0144 | O nas: W\u0142oskie p\u0142ytki\" \/>\n<meta property=\"og:description\" content=\"TILE to bezpo\u015bredni importer p\u0142ytek ceramicznych i gresowych wiod\u0105cych w\u0142oskich producent\u00f3w. Prowadzimy sprzeda\u017c hurtow\u0105 i detaliczn\u0105. Zapraszamy na stron\u0119.\" \/>\n<meta property=\"og:url\" content=\"https:\/\/tile.biz.pl\/en\/importer-plytek-ceramicych-i-gresowych-o-nas\/\" \/>\n<meta property=\"og:site_name\" content=\"Tile by Kabiks\" \/>\n<meta property=\"article:modified_time\" content=\"2022-03-23T09:01:12+00:00\" \/>\n<meta name=\"twitter:card\" content=\"summary_large_image\" \/>\n<script type=\"application\/ld+json\" class=\"yoast-schema-graph\">{\"@context\":\"https:\/\/schema.org\",\"@graph\":[{\"@type\":\"WebPage\",\"@id\":\"https:\/\/tile.biz.pl\/importer-plytek-ceramicych-i-gresowych-o-nas\/\",\"url\":\"https:\/\/tile.biz.pl\/importer-plytek-ceramicych-i-gresowych-o-nas\/\",\"name\":\"Importer p\u0142ytek ceramicznych Pozna\u0144 | O nas: W\u0142oskie p\u0142ytki\",\"isPartOf\":{\"@id\":\"https:\/\/tile.biz.pl\/#website\"},\"datePublished\":\"2016-09-21T18:33:09+00:00\",\"dateModified\":\"2022-03-23T09:01:12+00:00\",\"description\":\"TILE to bezpo\u015bredni importer p\u0142ytek ceramicznych i gresowych wiod\u0105cych w\u0142oskich producent\u00f3w. Prowadzimy sprzeda\u017c hurtow\u0105 i detaliczn\u0105. Zapraszamy na stron\u0119.\",\"breadcrumb\":{\"@id\":\"https:\/\/tile.biz.pl\/importer-plytek-ceramicych-i-gresowych-o-nas\/#breadcrumb\"},\"inLanguage\":\"en-GB\",\"potentialAction\":[{\"@type\":\"ReadAction\",\"target\":[\"https:\/\/tile.biz.pl\/importer-plytek-ceramicych-i-gresowych-o-nas\/\"]}]},{\"@type\":\"BreadcrumbList\",\"@id\":\"https:\/\/tile.biz.pl\/importer-plytek-ceramicych-i-gresowych-o-nas\/#breadcrumb\",\"itemListElement\":[{\"@type\":\"ListItem\",\"position\":1,\"name\":\"Strona g\u0142\u00f3wna\",\"item\":\"https:\/\/tile.biz.pl\/\"},{\"@type\":\"ListItem\",\"position\":2,\"name\":\"O nas\"}]},{\"@type\":\"WebSite\",\"@id\":\"https:\/\/tile.biz.pl\/#website\",\"url\":\"https:\/\/tile.biz.pl\/\",\"name\":\"Tile by Kabiks\",\"description\":\"Dostarczamy gresy i p\u0142ytki najwy\u017cszej jako\u015bci\",\"potentialAction\":[{\"@type\":\"SearchAction\",\"target\":{\"@type\":\"EntryPoint\",\"urlTemplate\":\"https:\/\/tile.biz.pl\/?s={search_term_string}\"},\"query-input\":{\"@type\":\"PropertyValueSpecification\",\"valueRequired\":true,\"valueName\":\"search_term_string\"}}],\"inLanguage\":\"en-GB\"}]}<\/script>\n<!-- \/ Yoast SEO plugin. -->","yoast_head_json":{"title":"Importer p\u0142ytek ceramicznych Pozna\u0144 | O nas: W\u0142oskie p\u0142ytki","description":"TILE to bezpo\u015bredni importer p\u0142ytek ceramicznych i gresowych wiod\u0105cych w\u0142oskich producent\u00f3w. Prowadzimy sprzeda\u017c hurtow\u0105 i detaliczn\u0105. Zapraszamy na stron\u0119.","robots":{"index":"index","follow":"follow","max-snippet":"max-snippet:-1","max-image-preview":"max-image-preview:large","max-video-preview":"max-video-preview:-1"},"canonical":"https:\/\/tile.biz.pl\/en\/importer-plytek-ceramicych-i-gresowych-o-nas\/","og_locale":"en_GB","og_type":"article","og_title":"Importer p\u0142ytek ceramicznych Pozna\u0144 | O nas: W\u0142oskie p\u0142ytki","og_description":"TILE to bezpo\u015bredni importer p\u0142ytek ceramicznych i gresowych wiod\u0105cych w\u0142oskich producent\u00f3w. Prowadzimy sprzeda\u017c hurtow\u0105 i detaliczn\u0105. Zapraszamy na stron\u0119.","og_url":"https:\/\/tile.biz.pl\/en\/importer-plytek-ceramicych-i-gresowych-o-nas\/","og_site_name":"Tile by Kabiks","article_modified_time":"2022-03-23T09:01:12+00:00","twitter_card":"summary_large_image","schema":{"@context":"https:\/\/schema.org","@graph":[{"@type":"WebPage","@id":"https:\/\/tile.biz.pl\/importer-plytek-ceramicych-i-gresowych-o-nas\/","url":"https:\/\/tile.biz.pl\/importer-plytek-ceramicych-i-gresowych-o-nas\/","name":"Importer p\u0142ytek ceramicznych Pozna\u0144 | O nas: W\u0142oskie p\u0142ytki","isPartOf":{"@id":"https:\/\/tile.biz.pl\/#website"},"datePublished":"2016-09-21T18:33:09+00:00","dateModified":"2022-03-23T09:01:12+00:00","description":"TILE to bezpo\u015bredni importer p\u0142ytek ceramicznych i gresowych wiod\u0105cych w\u0142oskich producent\u00f3w. Prowadzimy sprzeda\u017c hurtow\u0105 i detaliczn\u0105. Zapraszamy na stron\u0119.","breadcrumb":{"@id":"https:\/\/tile.biz.pl\/importer-plytek-ceramicych-i-gresowych-o-nas\/#breadcrumb"},"inLanguage":"en-GB","potentialAction":[{"@type":"ReadAction","target":["https:\/\/tile.biz.pl\/importer-plytek-ceramicych-i-gresowych-o-nas\/"]}]},{"@type":"BreadcrumbList","@id":"https:\/\/tile.biz.pl\/importer-plytek-ceramicych-i-gresowych-o-nas\/#breadcrumb","itemListElement":[{"@type":"ListItem","position":1,"name":"Strona g\u0142\u00f3wna","item":"https:\/\/tile.biz.pl\/"},{"@type":"ListItem","position":2,"name":"O nas"}]},{"@type":"WebSite","@id":"https:\/\/tile.biz.pl\/#website","url":"https:\/\/tile.biz.pl\/","name":"Tile by Kabiks","description":"Dostarczamy gresy i p\u0142ytki najwy\u017cszej jako\u015bci","potentialAction":[{"@type":"SearchAction","target":{"@type":"EntryPoint","urlTemplate":"https:\/\/tile.biz.pl\/?s={search_term_string}"},"query-input":{"@type":"PropertyValueSpecification","valueRequired":true,"valueName":"search_term_string"}}],"inLanguage":"en-GB"}]}},"_links":{"self":[{"href":"https:\/\/tile.biz.pl\/en\/wp-json\/wp\/v2\/pages\/7"}],"collection":[{"href":"https:\/\/tile.biz.pl\/en\/wp-json\/wp\/v2\/pages"}],"about":[{"href":"https:\/\/tile.biz.pl\/en\/wp-json\/wp\/v2\/types\/page"}],"author":[{"embeddable":true,"href":"https:\/\/tile.biz.pl\/en\/wp-json\/wp\/v2\/users\/1"}],"replies":[{"embeddable":true,"href":"https:\/\/tile.biz.pl\/en\/wp-json\/wp\/v2\/comments?post=7"}],"version-history":[{"count":15,"href":"https:\/\/tile.biz.pl\/en\/wp-json\/wp\/v2\/pages\/7\/revisions"}],"predecessor-version":[{"id":822,"href":"https:\/\/tile.biz.pl\/en\/wp-json\/wp\/v2\/pages\/7\/revisions\/822"}],"wp:attachment":[{"href":"https:\/\/tile.biz.pl\/en\/wp-json\/wp\/v2\/media?parent=7"}],"curies":[{"name":"wp","href":"https:\/\/api.w.org\/{rel}","templated":true}]}}