{"id":5,"date":"2016-09-21T20:33:03","date_gmt":"2016-09-21T18:33:03","guid":{"rendered":"http:\/\/tile.biz.pl\/?page_id=5"},"modified":"2021-11-10T16:44:54","modified_gmt":"2021-11-10T15:44:54","slug":"home","status":"publish","type":"page","link":"https:\/\/tile.biz.pl\/en\/","title":{"rendered":"Home"},"content":{"rendered":"","protected":false},"excerpt":{"rendered":"","protected":false},"author":1,"featured_media":0,"parent":0,"menu_order":1,"comment_status":"closed","ping_status":"closed","template":"page-templates\/home.php","meta":{"footnotes":""},"class_list":["post-5","page","type-page","status-publish","hentry"],"yoast_head":"<!-- This site is optimized with the Yoast SEO plugin v23.8 - https:\/\/yoast.com\/wordpress\/plugins\/seo\/ -->\n<title>Importer p\u0142ytek ceramicznych Pozna\u0144 | W\u0142oskie p\u0142ytki gresowe<\/title>\n<meta name=\"description\" content=\"Nasza firma specjalizuje si\u0119 w imporcie p\u0142ytek gresowych oraz ceramicznych pochodz\u0105cych od renomowanych w\u0142oskich producent\u00f3w. Zapraszamy na nasz\u0105 stron\u0119.\" \/>\n<meta name=\"robots\" content=\"index, follow, max-snippet:-1, max-image-preview:large, max-video-preview:-1\" \/>\n<link rel=\"canonical\" href=\"https:\/\/tile.biz.pl\/en\/\" \/>\n<meta property=\"og:locale\" content=\"en_GB\" \/>\n<meta property=\"og:type\" content=\"article\" \/>\n<meta property=\"og:title\" content=\"Importer p\u0142ytek ceramicznych Pozna\u0144 | W\u0142oskie p\u0142ytki gresowe\" \/>\n<meta property=\"og:description\" content=\"Nasza firma specjalizuje si\u0119 w imporcie p\u0142ytek gresowych oraz ceramicznych pochodz\u0105cych od renomowanych w\u0142oskich producent\u00f3w. Zapraszamy na nasz\u0105 stron\u0119.\" \/>\n<meta property=\"og:url\" content=\"https:\/\/tile.biz.pl\/en\/\" \/>\n<meta property=\"og:site_name\" content=\"Tile by Kabiks\" \/>\n<meta property=\"article:modified_time\" content=\"2021-11-10T15:44:54+00:00\" \/>\n<meta name=\"twitter:card\" content=\"summary_large_image\" \/>\n<script type=\"application\/ld+json\" class=\"yoast-schema-graph\">{\"@context\":\"https:\/\/schema.org\",\"@graph\":[{\"@type\":\"WebPage\",\"@id\":\"https:\/\/tile.biz.pl\/\",\"url\":\"https:\/\/tile.biz.pl\/\",\"name\":\"Importer p\u0142ytek ceramicznych Pozna\u0144 | W\u0142oskie p\u0142ytki gresowe\",\"isPartOf\":{\"@id\":\"https:\/\/tile.biz.pl\/#website\"},\"datePublished\":\"2016-09-21T18:33:03+00:00\",\"dateModified\":\"2021-11-10T15:44:54+00:00\",\"description\":\"Nasza firma specjalizuje si\u0119 w imporcie p\u0142ytek gresowych oraz ceramicznych pochodz\u0105cych od renomowanych w\u0142oskich producent\u00f3w. Zapraszamy na nasz\u0105 stron\u0119.\",\"breadcrumb\":{\"@id\":\"https:\/\/tile.biz.pl\/#breadcrumb\"},\"inLanguage\":\"en-GB\",\"potentialAction\":[{\"@type\":\"ReadAction\",\"target\":[\"https:\/\/tile.biz.pl\/\"]}]},{\"@type\":\"BreadcrumbList\",\"@id\":\"https:\/\/tile.biz.pl\/#breadcrumb\",\"itemListElement\":[{\"@type\":\"ListItem\",\"position\":1,\"name\":\"Strona g\u0142\u00f3wna\",\"item\":\"https:\/\/tile.biz.pl\/\"},{\"@type\":\"ListItem\",\"position\":2,\"name\":\"Home\"}]},{\"@type\":\"WebSite\",\"@id\":\"https:\/\/tile.biz.pl\/#website\",\"url\":\"https:\/\/tile.biz.pl\/\",\"name\":\"Tile by Kabiks\",\"description\":\"Dostarczamy gresy i p\u0142ytki najwy\u017cszej jako\u015bci\",\"potentialAction\":[{\"@type\":\"SearchAction\",\"target\":{\"@type\":\"EntryPoint\",\"urlTemplate\":\"https:\/\/tile.biz.pl\/?s={search_term_string}\"},\"query-input\":{\"@type\":\"PropertyValueSpecification\",\"valueRequired\":true,\"valueName\":\"search_term_string\"}}],\"inLanguage\":\"en-GB\"}]}<\/script>\n<!-- \/ Yoast SEO plugin. -->","yoast_head_json":{"title":"Importer p\u0142ytek ceramicznych Pozna\u0144 | W\u0142oskie p\u0142ytki gresowe","description":"Nasza firma specjalizuje si\u0119 w imporcie p\u0142ytek gresowych oraz ceramicznych pochodz\u0105cych od renomowanych w\u0142oskich producent\u00f3w. Zapraszamy na nasz\u0105 stron\u0119.","robots":{"index":"index","follow":"follow","max-snippet":"max-snippet:-1","max-image-preview":"max-image-preview:large","max-video-preview":"max-video-preview:-1"},"canonical":"https:\/\/tile.biz.pl\/en\/","og_locale":"en_GB","og_type":"article","og_title":"Importer p\u0142ytek ceramicznych Pozna\u0144 | W\u0142oskie p\u0142ytki gresowe","og_description":"Nasza firma specjalizuje si\u0119 w imporcie p\u0142ytek gresowych oraz ceramicznych pochodz\u0105cych od renomowanych w\u0142oskich producent\u00f3w. Zapraszamy na nasz\u0105 stron\u0119.","og_url":"https:\/\/tile.biz.pl\/en\/","og_site_name":"Tile by Kabiks","article_modified_time":"2021-11-10T15:44:54+00:00","twitter_card":"summary_large_image","schema":{"@context":"https:\/\/schema.org","@graph":[{"@type":"WebPage","@id":"https:\/\/tile.biz.pl\/","url":"https:\/\/tile.biz.pl\/","name":"Importer p\u0142ytek ceramicznych Pozna\u0144 | W\u0142oskie p\u0142ytki gresowe","isPartOf":{"@id":"https:\/\/tile.biz.pl\/#website"},"datePublished":"2016-09-21T18:33:03+00:00","dateModified":"2021-11-10T15:44:54+00:00","description":"Nasza firma specjalizuje si\u0119 w imporcie p\u0142ytek gresowych oraz ceramicznych pochodz\u0105cych od renomowanych w\u0142oskich producent\u00f3w. Zapraszamy na nasz\u0105 stron\u0119.","breadcrumb":{"@id":"https:\/\/tile.biz.pl\/#breadcrumb"},"inLanguage":"en-GB","potentialAction":[{"@type":"ReadAction","target":["https:\/\/tile.biz.pl\/"]}]},{"@type":"BreadcrumbList","@id":"https:\/\/tile.biz.pl\/#breadcrumb","itemListElement":[{"@type":"ListItem","position":1,"name":"Strona g\u0142\u00f3wna","item":"https:\/\/tile.biz.pl\/"},{"@type":"ListItem","position":2,"name":"Home"}]},{"@type":"WebSite","@id":"https:\/\/tile.biz.pl\/#website","url":"https:\/\/tile.biz.pl\/","name":"Tile by Kabiks","description":"Dostarczamy gresy i p\u0142ytki najwy\u017cszej jako\u015bci","potentialAction":[{"@type":"SearchAction","target":{"@type":"EntryPoint","urlTemplate":"https:\/\/tile.biz.pl\/?s={search_term_string}"},"query-input":{"@type":"PropertyValueSpecification","valueRequired":true,"valueName":"search_term_string"}}],"inLanguage":"en-GB"}]}},"_links":{"self":[{"href":"https:\/\/tile.biz.pl\/en\/wp-json\/wp\/v2\/pages\/5"}],"collection":[{"href":"https:\/\/tile.biz.pl\/en\/wp-json\/wp\/v2\/pages"}],"about":[{"href":"https:\/\/tile.biz.pl\/en\/wp-json\/wp\/v2\/types\/page"}],"author":[{"embeddable":true,"href":"https:\/\/tile.biz.pl\/en\/wp-json\/wp\/v2\/users\/1"}],"replies":[{"embeddable":true,"href":"https:\/\/tile.biz.pl\/en\/wp-json\/wp\/v2\/comments?post=5"}],"version-history":[{"count":12,"href":"https:\/\/tile.biz.pl\/en\/wp-json\/wp\/v2\/pages\/5\/revisions"}],"predecessor-version":[{"id":466,"href":"https:\/\/tile.biz.pl\/en\/wp-json\/wp\/v2\/pages\/5\/revisions\/466"}],"wp:attachment":[{"href":"https:\/\/tile.biz.pl\/en\/wp-json\/wp\/v2\/media?parent=5"}],"curies":[{"name":"wp","href":"https:\/\/api.w.org\/{rel}","templated":true}]}}