{"id":379,"date":"2018-06-20T18:59:56","date_gmt":"2018-06-20T16:59:56","guid":{"rendered":"http:\/\/tile.biz.pl\/?page_id=379"},"modified":"2024-09-04T09:43:20","modified_gmt":"2024-09-04T07:43:20","slug":"polityka-prywatnosci","status":"publish","type":"page","link":"https:\/\/tile.biz.pl\/en\/polityka-prywatnosci\/","title":{"rendered":"Polityka Prywatno\u015bci"},"content":{"rendered":"<h2 style=\"text-align: center; font-size: 20px; line-height: 80px;\"><strong>POLITYKA PRYWATNO\u015aCI<\/strong><\/h2>\r\nNiniejsza Polityka prywatno\u015bci okre\u015bla zasady przetwarzania i ochrony danych osobowych U\u017cytkownik\u00f3w w zwi\u0105zku z korzystaniem ze strony internetowej www.tile.biz.pl, administrowanej przez Administratora Danych Osobowych (ADO) \u2013 KABIKS Katarzyna Skibi\u0144ska z siedzib\u0105 : 61-251 Pozna\u0144 Os. Or\u0142a Bia\u0142ego 76\/28 oraz : 60-179 Pozna\u0144 ul. Plac \u015awiatowida 15a - \u00a0dalej: Administrator, KABIKS.\r\n\r\nAdministrator dok\u0142ada wszelkich stara\u0144 by chroni\u0107 dane osobowe U\u017cytkownik\u00f3w przed nieuprawnionym dost\u0119pem os\u00f3b trzecich i szanowa\u0107 prywatno\u015b\u0107 ka\u017cdego U\u017cytkownika. Dane osobowe U\u017cytkownik\u00f3w s\u0105 przetwarzane z zachowaniem wymog\u00f3w Rozporz\u0105dzenia Parlamentu Europejskiego i Rady (UE) 2016\/679 z dnia 27 kwietnia 2016 r. w sprawie ochrony os\u00f3b fizycznych w zwi\u0105zku z przetwarzaniem danych osobowych i w sprawie swobodnego przep\u0142ywu takich danych oraz uchylenia dyrektywy 95\/46\/WE (dalej: RODO).\r\n\r\n&nbsp;\r\n<h2 style=\"text-align: center; margin-top: 30px; font-size: 18px; margin-bottom: 6px;\"><strong>\u00a7 1<\/strong><\/h2>\r\n<h2 style=\"text-align: center; margin-bottom: 30px; font-size: 18px;\"><strong>Zgoda na przetwarzanie danych, zmiana i usuni\u0119cie danych<\/strong><\/h2>\r\n<ol>\r\n \t<li>1. Podanie danych osobowych przez U\u017cytkownika jest zawsze dobrowolne, jednak\u017ce niepodanie danych oznaczonych jako niezb\u0119dne, uniemo\u017cliwia skorzystania z us\u0142ug \u015bwiadczonych za po\u015brednictwem strony internetowej Administratora.<\/li>\r\n \t<li>2. U\u017cytkownikom strony internetowej przys\u0142uguj\u0105 nast\u0119puj\u0105ce prawa:<\/li>\r\n \t<\/br><li><strong>a) Prawo do cofni\u0119cia zgody \u2013 podstawa prawna art. 7 RODO<\/strong><\/li>\r\n<\/ol>\r\nOsoba, kt\u00f3rej dane dotycz\u0105, ma prawo w dowolnym momencie wycofa\u0107 zgod\u0119. Wycofanie zgody nie wp\u0142ywa na zgodno\u015b\u0107 z prawem przetwarzania, kt\u00f3rego dokonano na podstawie zgody przed jej wycofaniem. Osoba, kt\u00f3rej dane dotycz\u0105, jest o tym informowana, zanim wyrazi zgod\u0119. Wycofanie zgody musi by\u0107 r\u00f3wnie \u0142atwe jak jej wyra\u017cenie.\r\n\r\n&nbsp;\r\n<ol>\r\n \t<\/br><li><strong>b) Prawo dost\u0119pu do danych \u2013 podstawa prawna art. 15 RODO<\/strong><\/li>\r\n<\/ol>\r\nOsoba, kt\u00f3rej dane dotycz\u0105, jest uprawniona do uzyskania od Administratora potwierdzenia, czy przetwarzane s\u0105 dane osobowe jej dotycz\u0105ce, a je\u017celi ma to miejsce, jest uprawniona do uzyskania dost\u0119pu do nich oraz do informacji, takich jak cele przetwarzania, kategorie odno\u015bnych danych osobowych czy informacje o odbiorcach lub kategoriach odbiorc\u00f3w.\r\n\r\n&nbsp;\r\n<ol>\r\n \t<\/br><li><strong>c) Prawo do poprawiania danych \u2013 podstawa prawna art. 16 RODO<\/strong><\/li>\r\n<\/ol>\r\nOsoba, kt\u00f3rej dane dotycz\u0105, ma prawo \u017c\u0105dania od Administratora niezw\u0142ocznego sprostowania dotycz\u0105cych jej danych osobowych, kt\u00f3re s\u0105 nieprawid\u0142owe. Z uwzgl\u0119dnieniem cel\u00f3w przetwarzania, osoba, kt\u00f3rej dane dotycz\u0105, ma prawo \u017c\u0105dania uzupe\u0142nienia niekompletnych danych osobowych, w tym poprzez przedstawienie dodatkowego o\u015bwiadczenia.\r\n\r\n<ol>\r\n \t<\/br><li><strong>d) Prawo do bycia zapomnianym (usuni\u0119cie danych) \u2013 podstawa prawna art. 17 RODO<\/strong><\/li>\r\n<\/ol>\r\nOsoba, kt\u00f3rej dane dotycz\u0105, ma prawo \u017c\u0105dania od Administratora niezw\u0142ocznego usuni\u0119cia dotycz\u0105cych jej danych osobowych, a Administrator ma obowi\u0105zek bez zb\u0119dnej zw\u0142oki usun\u0105\u0107 dane osobowe, je\u017celi zachodzi jedna z nast\u0119puj\u0105cych okoliczno\u015bci:\r\n<ul>\r\n \t<li>dane osobowe nie s\u0105 ju\u017c niezb\u0119dne do cel\u00f3w, w kt\u00f3rych zosta\u0142y zebrane lub w inny spos\u00f3b przetwarzane;<\/li>\r\n \t<li>osoba, kt\u00f3rej dane dotycz\u0105, cofn\u0119\u0142a zgod\u0119, na kt\u00f3rej opiera si\u0119 przetwarzanie i nie ma innej podstawy prawnej przetwarzania;<\/li>\r\n \t<li>osoba, kt\u00f3rej dane dotycz\u0105, wnosi sprzeciw wobec przetwarzania i nie wyst\u0119puj\u0105 nadrz\u0119dne prawnie uzasadnione podstawy przetwarzania;<\/li>\r\n \t<li>dane osobowe by\u0142y przetwarzane niezgodnie z prawem;<\/li>\r\n \t<li>dane osobowe musz\u0105 zosta\u0107 usuni\u0119te w celu wywi\u0105zania si\u0119 z obowi\u0105zku prawnego przewidzianego w prawie Unii lub prawie pa\u0144stwa cz\u0142onkowskiego, kt\u00f3remu podlega Administrator;<\/li>\r\n \t<li>dane osobowe zosta\u0142y zebrane w zwi\u0105zku z oferowaniem us\u0142ug spo\u0142ecze\u0144stwa informacyjnego, o kt\u00f3rych mowa w art. 8 ust. 1 RODO.<\/li>\r\n<\/ul>\r\n<ol>\r\n \t<\/br><li><strong>e) Prawo do ograniczenia przetwarzania \u2013 podstawa prawna art. 18 RODO<\/strong><\/li>\r\n<\/ol>\r\nOsoba, kt\u00f3rej dane dotycz\u0105, ma prawo \u017c\u0105dania od Administratora ograniczenia przetwarzania w nast\u0119puj\u0105cych przypadkach:\r\n<ul>\r\n \t<li>osoba, kt\u00f3rej dane dotycz\u0105, kwestionuje prawid\u0142owo\u015b\u0107 danych osobowych - na okres pozwalaj\u0105cy Administratorowi sprawdzi\u0107 prawid\u0142owo\u015b\u0107 tych danych;<\/li>\r\n \t<li>przetwarzanie jest niezgodne z prawem, a osoba, kt\u00f3rej dane dotycz\u0105, sprzeciwia si\u0119 usuni\u0119ciu danych osobowych, \u017c\u0105daj\u0105c w zamian ograniczenia ich wykorzystywania;<\/li>\r\n \t<li>Administrator nie potrzebuje ju\u017c danych osobowych do cel\u00f3w przetwarzania, ale s\u0105 one potrzebne osobie, kt\u00f3rej dane dotycz\u0105, do ustalenia, dochodzenia lub obrony roszcze\u0144;<\/li>\r\n \t<li>osoba, kt\u00f3rej dane dotycz\u0105, wnios\u0142a sprzeciw wobec przetwarzania - do czasu stwierdzenia, czy prawnie uzasadnione podstawy po stronie administratora s\u0105 nadrz\u0119dne wobec podstaw sprzeciwu osoby, kt\u00f3rej dane dotycz\u0105.<\/li>\r\n<\/ul>\r\n<ol>\r\n \t<\/br><li><strong>f) Prawo do przeniesienia danych \u2013 podstawa prawna art. 20 RODO<\/strong><\/li>\r\n<\/ol>\r\nOsoba, kt\u00f3rej dane dotycz\u0105, ma prawo otrzyma\u0107 w ustrukturyzowanym, powszechnie u\u017cywanym formacie nadaj\u0105cym si\u0119 do odczytu maszynowego dane osobowe jej dotycz\u0105ce, kt\u00f3re dostarczy\u0142a Administratorowi, oraz ma prawo przes\u0142a\u0107 te dane osobowe innemu Administratorowi bez przeszk\u00f3d ze strony Administratora, kt\u00f3remu dostarczono te dane osobowe, je\u017celi:\r\n<ul>\r\n \t<li>przetwarzanie odbywa si\u0119 na podstawie zgody w my\u015bl art. 6 ust. 1 lit. a) lub art. 9 ust. 2 lit. a) lub na podstawie umowy w my\u015bl art. 6 ust. 1 lit. b); oraz<\/li>\r\n \t<li>przetwarzanie odbywa si\u0119 w spos\u00f3b zautomatyzowany.<\/li>\r\n<\/ul>\r\n<ol>\r\n \t<\/br><li><strong>g) Prawo do sprzeciwu wobec przetwarzania danych \u2013 podstawa prawa art. 21 RODO<\/strong><\/li>\r\n<\/ol>\r\nOsoba, kt\u00f3rej dane dotycz\u0105, ma prawo w dowolnym momencie wnie\u015b\u0107 sprzeciw - z przyczyn zwi\u0105zanych z jej szczeg\u00f3ln\u0105 sytuacj\u0105 - wobec przetwarzania dotycz\u0105cych jej danych osobowych opartego na art. 6 ust. 1 lit. e) lub f), w tym profilowania na podstawie tych przepis\u00f3w. Administratorowi nie wolno ju\u017c przetwarza\u0107 tych danych osobowych, chyba \u017ce wyka\u017ce on istnienie wa\u017cnych prawnie uzasadnionych podstaw do przetwarzania, nadrz\u0119dnych wobec interes\u00f3w, praw i wolno\u015bci osoby, kt\u00f3rej dane dotycz\u0105, lub podstaw do ustalenia, dochodzenia lub obrony roszcze\u0144.\r\n<ol start=\"3\"><\/br>\r\n \t<li>3.U\u017cytkownik, celem realizacji praw okre\u015blonych w ust. 2 powy\u017cej, powinien skontaktowa\u0107 si\u0119 z Administratorem na adres e-mail: k.skibinska@tile.biz.pl lub powiadomi\u0107 Administratora telefonicznie pod numerem: 515550077.<\/li>\r\n<\/ol>\r\n<ul>\r\n \t<li style=\"text-align: center;\">\r\n<h2 style=\"text-align: center; font-size: 18px; margin-top: 30px; margin-bottom: 6px;\"><strong>\u00a7 2<\/strong><\/h2>\r\n<\/li>\r\n<\/ul>\r\n<h2 style=\"text-align: center; font-size: 18px; margin-bottom: 30px;\"><strong>Zakres i spos\u00f3b przetwarzania danych<\/strong><\/h2>\r\n<ol>\r\n \t<li>1. Przetwarzanie danych osobowych odbywa si\u0119 na zasadach okre\u015blonych w RODO.<\/li><\/br>\r\n \t<li>2. Dane osobowe przetwarzane s\u0105 na podstawie zgody wyra\u017conej przez U\u017cytkownika strony internetowej www.tile.poznan.pl, a ich przetwarzanie nast\u0119puje:<\/li>\r\n<\/ol>\r\n<ul>\r\n \t<li>- w celu spe\u0142nienia wymog\u00f3w wynikaj\u0105cych z przepis\u00f3w prawa,<\/li>\r\n \t<li>- w celu realizacji zawarcia umowy,<\/li>\r\n \t<li>- w celu dostosowania strony internetowej Administratora do potrzeb U\u017cytkownik\u00f3w,<\/li>\r\n<\/ul>\r\n<ol start=\"3\"><\/br>\r\n \t<li>3. Dane osobowe zamieszczone przez U\u017cytkownika w formularzu kontaktowym (imi\u0119, nazwisko oraz adres e-mail) s\u0105 wykorzystywane w celu udzielenia odpowiedzi na zapytanie z\u0142o\u017cone przez U\u017cytkownika.<\/li><\/br>\r\n \t<li>4. Dane osobowe przetwarzane s\u0105 w celu dostosowania strony internetowej Administratora do potrzeb U\u017cytkownik\u00f3w na podstawie art. 6 ust. 1 lit. RODO.<\/li>\r\n \t<\/br><li>5. W czasie przegl\u0105dania strony internetowej www.eden-plus.poznan.pl przez U\u017cytkownik\u00f3w, automatycznie zbierane s\u0105 informacje dotycz\u0105ce korzystania ze strony internetowej przez U\u017cytkownik\u00f3w oraz ich adresy IP w oparciu o analiz\u0119 log\u00f3w dost\u0119powych, np. typ przegl\u0105darki, typ systemu operacyjnego, data i czas odwiedzin, liczba po\u0142\u0105cze\u0144, liczba otwieranych podstron Serwisu, nazwa domeny, przegl\u0105dane tre\u015bci. Dane zbierane automatycznie nie s\u0105 kojarzone z konkretnymi osobami przegl\u0105daj\u0105cymi strony i przetwarzane b\u0119d\u0105 wy\u0142\u0105cznie wewn\u0119trznie w celach analitycznych i statystycznych oraz dla cel\u00f3w administrowania serwerem.<\/li><\/br>\r\n \t<li>6. Dane osobowe zgromadzone przez Administratora mog\u0105 by\u0107 udost\u0119pnione:<\/li>\r\n \t<li>a) odpowiednim organom pa\u0144stwowym na ich \u017c\u0105danie na podstawie odpowiednich przepis\u00f3w prawa,<\/li>\r\n \t<li>b) innym osobom i podmiotom \u2013 jedynie za uprzedni\u0105 zgod\u0105 osoby, kt\u00f3rej te dane dotycz\u0105.<\/li><\/br>\r\n \t<li>7. Administrator zastrzega sobie prawo do przechowywania uzyskanych za pomoc\u0105 strony internetowej przez okres nie d\u0142u\u017cszy, ni\u017c jest to niezb\u0119dne do cel\u00f3w, w kt\u00f3rych dane te s\u0105 przetwarzane.<\/li><\/br>\r\n \t<li>8. Administrator ma prawo wykorzystywa\u0107 dane osobowe u\u017cytkownik\u00f3w strony internetowej do cel\u00f3w bada\u0144 rynkowych oraz dla innych cel\u00f3w marketingowych, pod warunkiem uzyskania zgody od u\u017cytkownik\u00f3w na wykorzystanie danych do cel\u00f3w wskazanych w niniejszym ust\u0119pie.<\/li>\r\n<\/ol>\r\n<ul>\r\n \t<li style=\"text-align: center;\">\r\n<h2 style=\"font-size: 18px; margin-top: 30px; margin-bottom: 6px;\"><strong>\u00a7 3<\/strong><\/h2>\r\n<\/li>\r\n<\/ul>\r\n<h2 style=\"text-align: center; font-size: 18px; margin-bottom: 30px;\"><strong>Pliki cookies<\/strong><\/h2>\r\n<ol>\r\n \t<li>1. Ciasteczka (\u201ecookies\u201d) to niewielkie pliki danych informatycznych, w szczeg\u00f3lno\u015bci pliki tekstowe, przechowywane w urz\u0105dzeniach ko\u0144cowych u\u017cytkownik\u00f3w przeznaczone do korzystania ze stron internetowych (np. typu przegl\u0105darki internetowej). Pliki te pozwalaj\u0105 rozpozna\u0107 urz\u0105dzenie U\u017cytkownika i odpowiednio wy\u015bwietli\u0107 stron\u0119 internetow\u0105 dostosowuj\u0105c j\u0105 do jego preferencji. Ciasteczka nie zawieraj\u0105 danych osobowych ani nie s\u0105 u\u017cywane do ich przekazywania.<\/li><\/br>\r\n \t<li>2. Pliki \u201ecookies\u201d s\u0105 u\u017cywane przez Administratora w celu przechowywania informacji o sesji oraz zapewnienia jej ci\u0105g\u0142o\u015bci po logowaniu, w celach statystycznych, marketingowych oraz w celu dostosowania zawarto\u015bci strony internetowej do preferencji U\u017cytkownika. Pliki \u201ecookies\u201d przechowuj\u0105 informacj\u0119 o geolokalizacji, j\u0119zyku odwiedzaj\u0105cego stron\u0119, informacje o odsy\u0142aczu, informacje o preferencjach u\u017cytkownika, informacje do automatycznego logowania oraz losowe dane dotycz\u0105ce identyfikator\u00f3w sesji.<\/li><\/br>\r\n \t<li>3. Standardowo oprogramowanie s\u0142u\u017c\u0105ce do przegl\u0105dania stron internetowych domy\u015blnie dopuszcza umieszczanie plik\u00f3w \u201ecookies\u201d. Mo\u017cna to jednak w dowolnym czasie zmieni\u0107 w ustawieniach przegl\u0105darki internetowej dotycz\u0105cych plik\u00f3w \u201ecookies\u201d tak, aby nie akceptowa\u0142a plik\u00f3w \u201ecookies\u201d lub informowa\u0142a o ich przesy\u0142aniu. Szczeg\u00f3\u0142owe informacje o mo\u017cliwo\u015bci i sposobach obs\u0142ugi plik\u00f3w \"cookies\" dost\u0119pne s\u0105 w ustawieniach oprogramowania (przegl\u0105darki internetowej). Nale\u017cy jednak pami\u0119ta\u0107, \u017ce nieakceptowanie plik\u00f3w \"cookies\", mo\u017ce uniemo\u017cliwi\u0107 poprawne dzia\u0142anie stron Internetowych.<\/li><\/br>\r\n<\/ol>\r\nWi\u0119cej informacji o ciasteczkach znale\u017a\u0107 mo\u017cna na: <a href=\"http:\/\/www.allaboutcookies.org\">http:\/\/www.allaboutcookies.org<\/a>.\r\n<\/br>\r\nWi\u0119cej na temat usuwania ich z przegl\u0105darki internetowej, mo\u017cna przeczyta\u0107 na: <a href=\"http:\/\/www.allaboutcookies.org\/manage-cookies\/index.html\">http:\/\/www.allaboutcookies.org\/manage-cookies\/index.html<\/a>\r\n<ul>\r\n \t<li style=\"text-align: center;\">\r\n<h2 style=\"font-size: 18px; margin-top: 30px; margin-bottom: 6px;\"><strong>\u00a7 4<\/strong><\/h2>\r\n<\/li>\r\n<\/ul>\r\n<h2 style=\"text-align: center; font-size: 18px; margin-bottom: 30px;\"><strong>Zabezpieczenie danych<\/strong><\/h2>\r\nAdministrator podejmuje wszelkie niezb\u0119dne \u015brodki techniczne w celu ochrony danych osobowych U\u017cytkownik\u00f3w przed ingerencj\u0105 os\u00f3b trzecich w prywatno\u015b\u0107 U\u017cytkownik\u00f3w, a tak\u017ce w celu zapobie\u017cenia nieupowa\u017cnionemu lub bezprawnemu dost\u0119powi do danych osobowych U\u017cytkownik\u00f3w, ich przypadkowej utracie, zniszczeniu lub uszkodzeniu.\r\n<ul>\r\n \t<li style=\"text-align: center;\">\r\n<h2 style=\"font-size: 18px; margin-top: 30px; margin-bottom: 6px;\"><strong>\u00a7 5<\/strong><\/h2>\r\n<\/li>\r\n<\/ul>\r\n<h2 style=\"text-align: center; font-size: 18px; margin-bottom: 30px;\"><strong>Zmiany Polityki Prywatno\u015bci<\/strong><\/h2>\r\nAdministrator zastrzega sobie prawo zmiany niniejszej Polityki Prywatno\u015bci w ka\u017cdym czasie. Zmiana nast\u0105pi przez opublikowanie nowej Polityki Prywatno\u015bci na stronie internetowej www.tile.poznan.pl","protected":false},"excerpt":{"rendered":"<p>POLITYKA PRYWATNO\u015aCI Niniejsza Polityka prywatno\u015bci okre\u015bla zasady przetwarzania i ochrony danych osobowych U\u017cytkownik\u00f3w w zwi\u0105zku z korzystaniem ze strony internetowej www.tile.biz.pl, administrowanej przez Administratora Danych Osobowych (ADO) \u2013 KABIKS Katarzyna Skibi\u0144ska z siedzib\u0105 : 61-251 Pozna\u0144 Os. Or\u0142a Bia\u0142ego 76\/28 oraz : 60-179 Pozna\u0144 ul. Plac \u015awiatowida 15a &#8211; \u00a0dalej: Administrator, KABIKS. Administrator dok\u0142ada wszelkich [&hellip;]<\/p>","protected":false},"author":1,"featured_media":0,"parent":0,"menu_order":6,"comment_status":"closed","ping_status":"closed","template":"page-templates\/polityka.php","meta":{"footnotes":""},"class_list":["post-379","page","type-page","status-publish","hentry"],"yoast_head":"<!-- This site is optimized with the Yoast SEO plugin v23.8 - https:\/\/yoast.com\/wordpress\/plugins\/seo\/ -->\n<title>Polityka Prywatno\u015bci - Tile by Kabiks<\/title>\n<meta name=\"robots\" content=\"index, follow, max-snippet:-1, max-image-preview:large, max-video-preview:-1\" \/>\n<link rel=\"canonical\" href=\"https:\/\/tile.biz.pl\/en\/polityka-prywatnosci\/\" \/>\n<meta property=\"og:locale\" content=\"en_GB\" \/>\n<meta property=\"og:type\" content=\"article\" \/>\n<meta property=\"og:title\" content=\"Polityka Prywatno\u015bci - Tile by Kabiks\" \/>\n<meta property=\"og:description\" content=\"POLITYKA PRYWATNO\u015aCI Niniejsza Polityka prywatno\u015bci okre\u015bla zasady przetwarzania i ochrony danych osobowych U\u017cytkownik\u00f3w w zwi\u0105zku z korzystaniem ze strony internetowej www.tile.biz.pl, administrowanej przez Administratora Danych Osobowych (ADO) \u2013 KABIKS Katarzyna Skibi\u0144ska z siedzib\u0105 : 61-251 Pozna\u0144 Os. Or\u0142a Bia\u0142ego 76\/28 oraz : 60-179 Pozna\u0144 ul. Plac \u015awiatowida 15a - \u00a0dalej: Administrator, KABIKS. Administrator dok\u0142ada wszelkich [&hellip;]\" \/>\n<meta property=\"og:url\" content=\"https:\/\/tile.biz.pl\/en\/polityka-prywatnosci\/\" \/>\n<meta property=\"og:site_name\" content=\"Tile by Kabiks\" \/>\n<meta property=\"article:modified_time\" content=\"2024-09-04T07:43:20+00:00\" \/>\n<meta name=\"twitter:card\" content=\"summary_large_image\" \/>\n<meta name=\"twitter:label1\" content=\"Estimated reading time\" \/>\n\t<meta name=\"twitter:data1\" content=\"8 minutes\" \/>\n<script type=\"application\/ld+json\" class=\"yoast-schema-graph\">{\"@context\":\"https:\/\/schema.org\",\"@graph\":[{\"@type\":\"WebPage\",\"@id\":\"https:\/\/tile.biz.pl\/polityka-prywatnosci\/\",\"url\":\"https:\/\/tile.biz.pl\/polityka-prywatnosci\/\",\"name\":\"Polityka Prywatno\u015bci - Tile by Kabiks\",\"isPartOf\":{\"@id\":\"https:\/\/tile.biz.pl\/#website\"},\"datePublished\":\"2018-06-20T16:59:56+00:00\",\"dateModified\":\"2024-09-04T07:43:20+00:00\",\"breadcrumb\":{\"@id\":\"https:\/\/tile.biz.pl\/polityka-prywatnosci\/#breadcrumb\"},\"inLanguage\":\"en-GB\",\"potentialAction\":[{\"@type\":\"ReadAction\",\"target\":[\"https:\/\/tile.biz.pl\/polityka-prywatnosci\/\"]}]},{\"@type\":\"BreadcrumbList\",\"@id\":\"https:\/\/tile.biz.pl\/polityka-prywatnosci\/#breadcrumb\",\"itemListElement\":[{\"@type\":\"ListItem\",\"position\":1,\"name\":\"Strona g\u0142\u00f3wna\",\"item\":\"https:\/\/tile.biz.pl\/\"},{\"@type\":\"ListItem\",\"position\":2,\"name\":\"Polityka Prywatno\u015bci\"}]},{\"@type\":\"WebSite\",\"@id\":\"https:\/\/tile.biz.pl\/#website\",\"url\":\"https:\/\/tile.biz.pl\/\",\"name\":\"Tile by Kabiks\",\"description\":\"Dostarczamy gresy i p\u0142ytki najwy\u017cszej jako\u015bci\",\"potentialAction\":[{\"@type\":\"SearchAction\",\"target\":{\"@type\":\"EntryPoint\",\"urlTemplate\":\"https:\/\/tile.biz.pl\/?s={search_term_string}\"},\"query-input\":{\"@type\":\"PropertyValueSpecification\",\"valueRequired\":true,\"valueName\":\"search_term_string\"}}],\"inLanguage\":\"en-GB\"}]}<\/script>\n<!-- \/ Yoast SEO plugin. -->","yoast_head_json":{"title":"Polityka Prywatno\u015bci - Tile by Kabiks","robots":{"index":"index","follow":"follow","max-snippet":"max-snippet:-1","max-image-preview":"max-image-preview:large","max-video-preview":"max-video-preview:-1"},"canonical":"https:\/\/tile.biz.pl\/en\/polityka-prywatnosci\/","og_locale":"en_GB","og_type":"article","og_title":"Polityka Prywatno\u015bci - Tile by Kabiks","og_description":"POLITYKA PRYWATNO\u015aCI Niniejsza Polityka prywatno\u015bci okre\u015bla zasady przetwarzania i ochrony danych osobowych U\u017cytkownik\u00f3w w zwi\u0105zku z korzystaniem ze strony internetowej www.tile.biz.pl, administrowanej przez Administratora Danych Osobowych (ADO) \u2013 KABIKS Katarzyna Skibi\u0144ska z siedzib\u0105 : 61-251 Pozna\u0144 Os. Or\u0142a Bia\u0142ego 76\/28 oraz : 60-179 Pozna\u0144 ul. Plac \u015awiatowida 15a - \u00a0dalej: Administrator, KABIKS. Administrator dok\u0142ada wszelkich [&hellip;]","og_url":"https:\/\/tile.biz.pl\/en\/polityka-prywatnosci\/","og_site_name":"Tile by Kabiks","article_modified_time":"2024-09-04T07:43:20+00:00","twitter_card":"summary_large_image","twitter_misc":{"Estimated reading time":"8 minutes"},"schema":{"@context":"https:\/\/schema.org","@graph":[{"@type":"WebPage","@id":"https:\/\/tile.biz.pl\/polityka-prywatnosci\/","url":"https:\/\/tile.biz.pl\/polityka-prywatnosci\/","name":"Polityka Prywatno\u015bci - Tile by Kabiks","isPartOf":{"@id":"https:\/\/tile.biz.pl\/#website"},"datePublished":"2018-06-20T16:59:56+00:00","dateModified":"2024-09-04T07:43:20+00:00","breadcrumb":{"@id":"https:\/\/tile.biz.pl\/polityka-prywatnosci\/#breadcrumb"},"inLanguage":"en-GB","potentialAction":[{"@type":"ReadAction","target":["https:\/\/tile.biz.pl\/polityka-prywatnosci\/"]}]},{"@type":"BreadcrumbList","@id":"https:\/\/tile.biz.pl\/polityka-prywatnosci\/#breadcrumb","itemListElement":[{"@type":"ListItem","position":1,"name":"Strona g\u0142\u00f3wna","item":"https:\/\/tile.biz.pl\/"},{"@type":"ListItem","position":2,"name":"Polityka Prywatno\u015bci"}]},{"@type":"WebSite","@id":"https:\/\/tile.biz.pl\/#website","url":"https:\/\/tile.biz.pl\/","name":"Tile by Kabiks","description":"Dostarczamy gresy i p\u0142ytki najwy\u017cszej jako\u015bci","potentialAction":[{"@type":"SearchAction","target":{"@type":"EntryPoint","urlTemplate":"https:\/\/tile.biz.pl\/?s={search_term_string}"},"query-input":{"@type":"PropertyValueSpecification","valueRequired":true,"valueName":"search_term_string"}}],"inLanguage":"en-GB"}]}},"_links":{"self":[{"href":"https:\/\/tile.biz.pl\/en\/wp-json\/wp\/v2\/pages\/379"}],"collection":[{"href":"https:\/\/tile.biz.pl\/en\/wp-json\/wp\/v2\/pages"}],"about":[{"href":"https:\/\/tile.biz.pl\/en\/wp-json\/wp\/v2\/types\/page"}],"author":[{"embeddable":true,"href":"https:\/\/tile.biz.pl\/en\/wp-json\/wp\/v2\/users\/1"}],"replies":[{"embeddable":true,"href":"https:\/\/tile.biz.pl\/en\/wp-json\/wp\/v2\/comments?post=379"}],"version-history":[{"count":36,"href":"https:\/\/tile.biz.pl\/en\/wp-json\/wp\/v2\/pages\/379\/revisions"}],"predecessor-version":[{"id":855,"href":"https:\/\/tile.biz.pl\/en\/wp-json\/wp\/v2\/pages\/379\/revisions\/855"}],"wp:attachment":[{"href":"https:\/\/tile.biz.pl\/en\/wp-json\/wp\/v2\/media?parent=379"}],"curies":[{"name":"wp","href":"https:\/\/api.w.org\/{rel}","templated":true}]}}