{"id":11,"date":"2016-09-21T20:33:24","date_gmt":"2016-09-21T18:33:24","guid":{"rendered":"http:\/\/tile.biz.pl\/?page_id=11"},"modified":"2022-03-15T19:22:27","modified_gmt":"2022-03-15T18:22:27","slug":"nowosci-gresy-i-plytki-ceramiczne","status":"publish","type":"page","link":"https:\/\/tile.biz.pl\/en\/nowosci-gresy-i-plytki-ceramiczne\/","title":{"rendered":"News"},"content":{"rendered":"","protected":false},"excerpt":{"rendered":"","protected":false},"author":1,"featured_media":0,"parent":0,"menu_order":3,"comment_status":"closed","ping_status":"closed","template":"page-templates\/news.php","meta":{"footnotes":""},"class_list":["post-11","page","type-page","status-publish","hentry"],"yoast_head":"<!-- This site is optimized with the Yoast SEO plugin v23.8 - https:\/\/yoast.com\/wordpress\/plugins\/seo\/ -->\n<title>Importer p\u0142ytek ceramicznych \u2013 Nowo\u015bci | Materia\u0142y ceramiczne<\/title>\n<meta name=\"description\" content=\"Prowadzimy sprzeda\u017c hurtow\u0105 i detaliczn\u0105 p\u0142ytek ceramicznych i gresowych. Wsp\u00f3\u0142pracujemy jedynie z renomowanymi w\u0142oskimi producentami. Zapraszamy na stron\u0119.\" \/>\n<meta name=\"robots\" content=\"index, follow, max-snippet:-1, max-image-preview:large, max-video-preview:-1\" \/>\n<link rel=\"canonical\" href=\"https:\/\/tile.biz.pl\/en\/nowosci-gresy-i-plytki-ceramiczne\/\" \/>\n<meta property=\"og:locale\" content=\"en_GB\" \/>\n<meta property=\"og:type\" content=\"article\" \/>\n<meta property=\"og:title\" content=\"Importer p\u0142ytek ceramicznych \u2013 Nowo\u015bci | Materia\u0142y ceramiczne\" \/>\n<meta property=\"og:description\" content=\"Prowadzimy sprzeda\u017c hurtow\u0105 i detaliczn\u0105 p\u0142ytek ceramicznych i gresowych. Wsp\u00f3\u0142pracujemy jedynie z renomowanymi w\u0142oskimi producentami. Zapraszamy na stron\u0119.\" \/>\n<meta property=\"og:url\" content=\"https:\/\/tile.biz.pl\/en\/nowosci-gresy-i-plytki-ceramiczne\/\" \/>\n<meta property=\"og:site_name\" content=\"Tile by Kabiks\" \/>\n<meta property=\"article:modified_time\" content=\"2022-03-15T18:22:27+00:00\" \/>\n<meta name=\"twitter:card\" content=\"summary_large_image\" \/>\n<script type=\"application\/ld+json\" class=\"yoast-schema-graph\">{\"@context\":\"https:\/\/schema.org\",\"@graph\":[{\"@type\":\"WebPage\",\"@id\":\"https:\/\/tile.biz.pl\/nowosci-gresy-i-plytki-ceramiczne\/\",\"url\":\"https:\/\/tile.biz.pl\/nowosci-gresy-i-plytki-ceramiczne\/\",\"name\":\"Importer p\u0142ytek ceramicznych \u2013 Nowo\u015bci | Materia\u0142y ceramiczne\",\"isPartOf\":{\"@id\":\"https:\/\/tile.biz.pl\/#website\"},\"datePublished\":\"2016-09-21T18:33:24+00:00\",\"dateModified\":\"2022-03-15T18:22:27+00:00\",\"description\":\"Prowadzimy sprzeda\u017c hurtow\u0105 i detaliczn\u0105 p\u0142ytek ceramicznych i gresowych. Wsp\u00f3\u0142pracujemy jedynie z renomowanymi w\u0142oskimi producentami. Zapraszamy na stron\u0119.\",\"breadcrumb\":{\"@id\":\"https:\/\/tile.biz.pl\/nowosci-gresy-i-plytki-ceramiczne\/#breadcrumb\"},\"inLanguage\":\"en-GB\",\"potentialAction\":[{\"@type\":\"ReadAction\",\"target\":[\"https:\/\/tile.biz.pl\/nowosci-gresy-i-plytki-ceramiczne\/\"]}]},{\"@type\":\"BreadcrumbList\",\"@id\":\"https:\/\/tile.biz.pl\/nowosci-gresy-i-plytki-ceramiczne\/#breadcrumb\",\"itemListElement\":[{\"@type\":\"ListItem\",\"position\":1,\"name\":\"Strona g\u0142\u00f3wna\",\"item\":\"https:\/\/tile.biz.pl\/\"},{\"@type\":\"ListItem\",\"position\":2,\"name\":\"Nowo\u015bci\"}]},{\"@type\":\"WebSite\",\"@id\":\"https:\/\/tile.biz.pl\/#website\",\"url\":\"https:\/\/tile.biz.pl\/\",\"name\":\"Tile by Kabiks\",\"description\":\"Dostarczamy gresy i p\u0142ytki najwy\u017cszej jako\u015bci\",\"potentialAction\":[{\"@type\":\"SearchAction\",\"target\":{\"@type\":\"EntryPoint\",\"urlTemplate\":\"https:\/\/tile.biz.pl\/?s={search_term_string}\"},\"query-input\":{\"@type\":\"PropertyValueSpecification\",\"valueRequired\":true,\"valueName\":\"search_term_string\"}}],\"inLanguage\":\"en-GB\"}]}<\/script>\n<!-- \/ Yoast SEO plugin. -->","yoast_head_json":{"title":"Importer p\u0142ytek ceramicznych \u2013 Nowo\u015bci | Materia\u0142y ceramiczne","description":"Prowadzimy sprzeda\u017c hurtow\u0105 i detaliczn\u0105 p\u0142ytek ceramicznych i gresowych. Wsp\u00f3\u0142pracujemy jedynie z renomowanymi w\u0142oskimi producentami. Zapraszamy na stron\u0119.","robots":{"index":"index","follow":"follow","max-snippet":"max-snippet:-1","max-image-preview":"max-image-preview:large","max-video-preview":"max-video-preview:-1"},"canonical":"https:\/\/tile.biz.pl\/en\/nowosci-gresy-i-plytki-ceramiczne\/","og_locale":"en_GB","og_type":"article","og_title":"Importer p\u0142ytek ceramicznych \u2013 Nowo\u015bci | Materia\u0142y ceramiczne","og_description":"Prowadzimy sprzeda\u017c hurtow\u0105 i detaliczn\u0105 p\u0142ytek ceramicznych i gresowych. Wsp\u00f3\u0142pracujemy jedynie z renomowanymi w\u0142oskimi producentami. Zapraszamy na stron\u0119.","og_url":"https:\/\/tile.biz.pl\/en\/nowosci-gresy-i-plytki-ceramiczne\/","og_site_name":"Tile by Kabiks","article_modified_time":"2022-03-15T18:22:27+00:00","twitter_card":"summary_large_image","schema":{"@context":"https:\/\/schema.org","@graph":[{"@type":"WebPage","@id":"https:\/\/tile.biz.pl\/nowosci-gresy-i-plytki-ceramiczne\/","url":"https:\/\/tile.biz.pl\/nowosci-gresy-i-plytki-ceramiczne\/","name":"Importer p\u0142ytek ceramicznych \u2013 Nowo\u015bci | Materia\u0142y ceramiczne","isPartOf":{"@id":"https:\/\/tile.biz.pl\/#website"},"datePublished":"2016-09-21T18:33:24+00:00","dateModified":"2022-03-15T18:22:27+00:00","description":"Prowadzimy sprzeda\u017c hurtow\u0105 i detaliczn\u0105 p\u0142ytek ceramicznych i gresowych. Wsp\u00f3\u0142pracujemy jedynie z renomowanymi w\u0142oskimi producentami. Zapraszamy na stron\u0119.","breadcrumb":{"@id":"https:\/\/tile.biz.pl\/nowosci-gresy-i-plytki-ceramiczne\/#breadcrumb"},"inLanguage":"en-GB","potentialAction":[{"@type":"ReadAction","target":["https:\/\/tile.biz.pl\/nowosci-gresy-i-plytki-ceramiczne\/"]}]},{"@type":"BreadcrumbList","@id":"https:\/\/tile.biz.pl\/nowosci-gresy-i-plytki-ceramiczne\/#breadcrumb","itemListElement":[{"@type":"ListItem","position":1,"name":"Strona g\u0142\u00f3wna","item":"https:\/\/tile.biz.pl\/"},{"@type":"ListItem","position":2,"name":"Nowo\u015bci"}]},{"@type":"WebSite","@id":"https:\/\/tile.biz.pl\/#website","url":"https:\/\/tile.biz.pl\/","name":"Tile by Kabiks","description":"Dostarczamy gresy i p\u0142ytki najwy\u017cszej jako\u015bci","potentialAction":[{"@type":"SearchAction","target":{"@type":"EntryPoint","urlTemplate":"https:\/\/tile.biz.pl\/?s={search_term_string}"},"query-input":{"@type":"PropertyValueSpecification","valueRequired":true,"valueName":"search_term_string"}}],"inLanguage":"en-GB"}]}},"_links":{"self":[{"href":"https:\/\/tile.biz.pl\/en\/wp-json\/wp\/v2\/pages\/11"}],"collection":[{"href":"https:\/\/tile.biz.pl\/en\/wp-json\/wp\/v2\/pages"}],"about":[{"href":"https:\/\/tile.biz.pl\/en\/wp-json\/wp\/v2\/types\/page"}],"author":[{"embeddable":true,"href":"https:\/\/tile.biz.pl\/en\/wp-json\/wp\/v2\/users\/1"}],"replies":[{"embeddable":true,"href":"https:\/\/tile.biz.pl\/en\/wp-json\/wp\/v2\/comments?post=11"}],"version-history":[{"count":1,"href":"https:\/\/tile.biz.pl\/en\/wp-json\/wp\/v2\/pages\/11\/revisions"}],"predecessor-version":[{"id":12,"href":"https:\/\/tile.biz.pl\/en\/wp-json\/wp\/v2\/pages\/11\/revisions\/12"}],"wp:attachment":[{"href":"https:\/\/tile.biz.pl\/en\/wp-json\/wp\/v2\/media?parent=11"}],"curies":[{"name":"wp","href":"https:\/\/api.w.org\/{rel}","templated":true}]}}